{"id":2256,"date":"2018-11-15T21:22:32","date_gmt":"2018-11-15T20:22:32","guid":{"rendered":"https:\/\/testelloop.storybook.ee\/?page_id=2256"},"modified":"2023-06-27T12:22:38","modified_gmt":"2023-06-27T10:22:38","slug":"om-oss","status":"publish","type":"page","link":"https:\/\/testelloop.storybook.ee\/sv\/om-oss\/","title":{"rendered":"Om oss"},"content":{"rendered":"<p><div id=\"shortcode-28afe56a4d42ecfb49899802ef51b6d5\" class=\"fw-main-row \" >\n\t<div class=\"container\">\n\t\t\n<div class=\"fw-row\">\n\t<div class=\"fw-col-xs-12 layout-col\" id=\"shortcode-73975569619101c17a2e8777dd9446f7\">\n\t<div class=\"theme-intro-block\">\n\t<div class=\"container-fluid\">\n\t\t<div class=\"row\">\n\t\t\t<div class=\"col-md-6\">\n\t\t\t\n\t\t\t\t\t\t\t\t<img decoding=\"async\" data-src=\"\/\/testelloop.storybook.ee\/wp-content\/uploads\/2018\/10\/elloop-670x430.jpg\" class=\"b-lazy\" src=\"data:image\/gif;base64,R0lGODlhAQABAAAAACH5BAEKAAEALAAAAAABAAEAAAICTAEAOw==\" alt=\"\" \/>\n\t\t\t\t\t\t\t\n\t\t\t<\/div>\n\t\t\t<div class=\"col-md-6\">\n\t\t\t\n\t\t\t\t<div class=\"text-block\">\n\t\t\t\t\t\t\t\t\t\t\t<h4>ELLOOP Mission<\/h4>\n\t\t\t\t\t\t\t\t\t\t\n\t\t\t\t\t\t\t\t\t\t\t<div class=\"text\">ELLOOP f\u00f6retagets uppdrag \u00e4r att tillhandah\u00e5lla h\u00f6gkvalitativa, flexibla och konkurrenskraftiga l\u00f6sningar inom elsystemkonstruktion.<\/div>\n\t\t\t\t\t\t\t\t\t<\/div>\n\t\t\t\n\t\t\t<\/div>\n\t\t<\/div>\n\t<\/div>\n\t\n<\/div>\n\t<div class=\"fw-divider-space\" style=\"padding-top: 20px;\"><\/div>\n<\/div><\/div>\n\n\n<div class=\"fw-row\">\n\t<div class=\"fw-col-xs-12 fw-col-sm-6 layout-col\" id=\"shortcode-c4fafde8bb329ebeee3d37f447a7b6c2\">\n\t<h4 id=\"shortcode-cbe625ec987c98f2e9cf31ba36cb6c06\" class=\"\" >Bakgrund och historia<\/h4><p class=\"p1\"><p>ELLOOPs grundl\u00e4ggande riktning \u00e4r design, konstruktion och rekonstruktion av elsystem.<\/p><p>V\u00e5ra kunder \u00e4r byggf\u00f6retag, bostadsf\u00f6reningar och privat\u00e4gare. Tack vare erfarna och professionella arbetslag kan vi s\u00e4kerst\u00e4lla kvaliteten p\u00e5 elinstallationer, och vi kan erbjuda v\u00e5ra kunder kompletta l\u00f6sningar.<\/p><p>Vi anser att det \u00e4r viktigt att spara v\u00e5ra kunders tid och f\u00f6rse dem med en komplett tj\u00e4nst som inkluderar byggprojekt, att f\u00e5 n\u00f6dv\u00e4ndiga tillst\u00e5nd och reglerdokument med m\u00e4tning och f\u00f6rberedelse av den fullst\u00e4ndiga tekniska dokumentationen. Vi erbjuder garanti och underh\u00e5llsarbete. V\u00e5rt m\u00e5l \u00e4r att tillhandah\u00e5lla de elektriska installationernas p\u00e5litliga arbete under m\u00e5nga \u00e5r och full kundn\u00f6jdhet.<\/p><\/div><div class=\"fw-col-xs-12 fw-col-sm-6 layout-col\" id=\"shortcode-3360adcfa5e7fe780c3bbc145c32d3e3\">\n\t<h4 id=\"shortcode-6b16a505880c0a53db47a95db802f41a\" class=\"\" >Omfattning av utbud och tj\u00e4nster<\/h4><div class=\"theme-accordion style-small_font\">\n\t\t\t<div class=\"theme-toggle target\" data-swap-group=\"group-theme-toggles-69dcec03b4b35\" data-swap-target=\"#theme-toggles-69dcec03b4b35-0\">\n\t\t\tElektrisk kontrollpanelanslutning\t\t<\/div>\n\t\t<div class=\"toggle\" id=\"theme-toggles-69dcec03b4b35-0\">\n\t\t\tDet \u00e4r vanligt f\u00f6r ingenj\u00f6rer att bygga en egen design  av en PLC-panel. \r\nTill exempel, n\u00e4r den elektriska konstruktionen \u00e4r f\u00e4rdig, m\u00e5ste en elektriker installera den. D\u00e4rf\u00f6r \u00e4r det ditt ansvar att effektivt f\u00f6rklara dina avsikter i konstruktion till elektrikerna genom ritningarna.\r\n\t\t<\/div>\n\t\t\t<div class=\"theme-toggle target\" data-swap-group=\"group-theme-toggles-69dcec03b4b35\" data-swap-target=\"#theme-toggles-69dcec03b4b35-1\">\n\t\t\tIndustriell ledning\t\t<\/div>\n\t\t<div class=\"toggle\" id=\"theme-toggles-69dcec03b4b35-1\">\n\t\t\tElloop AB erbjuder smartare aff\u00e4rsverksamhet genom att ansluta utrustning, programvara och tj\u00e4nster f\u00f6r att skydda, styra och optimera tillg\u00e5ngar inom elinfrastruktur. I de flera energiintensiva industrier erbjuder f\u00f6retag kunderna de kompletta l\u00f6sningarna f\u00f6r produkter och tj\u00e4nster som bidrar till att s\u00e4kerst\u00e4lla tillf\u00f6rlitligheten och skyddet av deras elektriska infrastruktur.\t\t<\/div>\n\t\t\t<div class=\"theme-toggle target\" data-swap-group=\"group-theme-toggles-69dcec03b4b35\" data-swap-target=\"#theme-toggles-69dcec03b4b35-2\">\n\t\t\tElektrisk installation f\u00f6r kommersiella byggande\t\t<\/div>\n\t\t<div class=\"toggle\" id=\"theme-toggles-69dcec03b4b35-2\">\n\t\t\tKraven p\u00e5 elinstallationer i kommersiella och industriella omr\u00e5den \u00e4r betydligt h\u00f6gre j\u00e4mf\u00f6rt med byggandet av bostadshus. S\u00e5dana faktorer som tryckstyrkan och motst\u00e5nd av ledningar \u00e4r av stor betydelse, s\u00e4rskilt inom industrin och hantverk, medan kretsintegritet vid brand och f\u00f6rebyggande av farlig r\u00f6kgas \u00e4r nyckelprioriteringar p\u00e5 offentliga platser, s\u00e5som flygplatser, j\u00e4rnv\u00e4gsstationer eller hotellfaciliteter. \t\t<\/div>\n\t\t\t<div class=\"theme-toggle target\" data-swap-group=\"group-theme-toggles-69dcec03b4b35\" data-swap-target=\"#theme-toggles-69dcec03b4b35-3\">\n\t\t\tElektrisk installation f\u00f6r bostadsbyggande\t\t<\/div>\n\t\t<div class=\"toggle\" id=\"theme-toggles-69dcec03b4b35-3\">\n\t\t\tElektriska ledningar \u00e4r infrastrukturen f\u00f6r elinstallationer. \r\nByggteknik \u00e4r ett av stadierna i en husbyggnad som anv\u00e4nds l\u00e4ngst - mestadels f\u00f6r hela byggnadens livsl\u00e4ngd. De som bara vill installera den minsta utrustningen i den nya byggnaden av kostnadssk\u00e4l borde planera och inkludera flera ledningar. En professionell eftermontering av kablar i v\u00e4ggen ger upphov till smuts och \u00e4r oproportionerligt dyrt. Dessutom \u00e4r detta knappast m\u00f6jligt i betongv\u00e4ggar.\r\nLedningar visar ofta sina sanna v\u00e4rde n\u00e5gra \u00e5r senare n\u00e4r \u00e4gare och hyresg\u00e4ster \u00f6verv\u00e4ger att k\u00f6pa nya tekniska prylar.\r\n\t\t<\/div>\n\t\t\t<div class=\"theme-toggle target\" data-swap-group=\"group-theme-toggles-69dcec03b4b35\" data-swap-target=\"#theme-toggles-69dcec03b4b35-4\">\n\t\t\tData- och n\u00e4tverkskabel\t\t<\/div>\n\t\t<div class=\"toggle\" id=\"theme-toggles-69dcec03b4b35-4\">\n\t\t\tKorrekt till\u00e4mpning av datakabel och elledningar (\u00e4ven kallad n\u00e4tverkskabel och elledningar) \u00e4r absolut n\u00f6dv\u00e4ndigt f\u00f6r framg\u00e5ngsrik installation av f\u00f6retags-, myndighets- och akademisk n\u00e4tverksinfrastruktur. F\u00f6retag av alla slag har f\u00e5 frist\u00e5ende datorer och datakablingssystemet \u00e4r n\u00e4tverksanslutningarna som beh\u00f6vs f\u00f6r att ansluta dem. D\u00e4remot har olika f\u00f6retag olika datakabelbehov.\t\t<\/div>\n\t\t\t<div class=\"theme-toggle target\" data-swap-group=\"group-theme-toggles-69dcec03b4b35\" data-swap-target=\"#theme-toggles-69dcec03b4b35-5\">\n\t\t\tFullt utbud av tj\u00e4nster fr\u00e5n projekt till full implementering\t\t<\/div>\n\t\t<div class=\"toggle\" id=\"theme-toggles-69dcec03b4b35-5\">\n\t\t\tV\u00e5ra kunder kan vara \u00f6vertygade om att vi kommer att utveckla en rimlig beslutsunderlag och hj\u00e4lpa dem i alla aspekter av att hantera sina projekt fram till en lyckad avslutning. Som ledande ingenj\u00f6rer tillhandah\u00e5ller vi planerings- och konsulttj\u00e4nster f\u00f6r infrastrukturprojekt \u00f6ver hela produktionssystemet.\t\t<\/div>\n\t<\/div><\/div><\/div>\n\n\n<div class=\"fw-row\">\n\t<div class=\"fw-col-xs-12 layout-col\" id=\"shortcode-c65987d02e517541477ea047884d3474\">\n\t\n\t<div class=\"fw-divider-space\" style=\"padding-top: 40px;\"><\/div>\n<h4 id=\"shortcode-cc18d9e3d83f332aed75904dc1eea569\" class=\"\" ><\/h4>\n\t<div class=\"fw-divider-space\" style=\"padding-top: 20px;\"><\/div>\n\r\n<div class=\"team-members style-grid_corporate\">\r\n\r\n\t\t<div class=\"container-fluid\">\r\n\t\t<div class=\"row\">\r\n\t\t\t\t<\/div>\r\n\t<\/div>\r\n\t\r\n<\/div><\/div><\/div>\n\n\t<\/div>\n<\/div>\n<div id=\"shortcode-6b3abfac2610719efce5d741af48a1b1\" class=\"fw-main-row stretch_row\" >\n\t<div class=\"container\">\n\t\t\n<div class=\"fw-row\">\n\t<div class=\"fw-col-xs-12 fw-col-sm-8 layout-col\" id=\"shortcode-5779d664abdf7fa7d4a41c35ded7a5f5\">\n\t<h4 id=\"shortcode-0e8b939660de2904b9c9d29e9721bfea\" class=\"\" >Vill du g\u00e5 med i v\u00e5rt team och arbeta tillsammans?<\/h4>\n\t<div class=\"fw-divider-space\" style=\"padding-top: 20px;\"><\/div>\n<\/div><div class=\"fw-col-xs-12 fw-col-sm-4 layout-col\" id=\"shortcode-faa6be286faed6593424dcb932d8d0fc\">\n\t<div class=\"button-align-center\"><a id=\"shortcode-073e95d03fa20cebd9b622674db3cf90\" href=\"\/test\/work-with-us\/\" target=\"_self\" class=\"button style-black classic size-medium\">Fill out a form<\/a><\/div><\/div><\/div>\n\n\t<\/div>\n<\/div>\n<div class=\"row-full-width\"><\/div><div id=\"shortcode-500263c6b5582987da2ef1d5e8445f04\" class=\"fw-main-row default\" >\n\t<div class=\"container\">\n\t\t\n<div class=\"fw-row\">\n\t<div class=\"fw-col-xs-12 fw-col-sm-2 layout-col\" id=\"shortcode-e6c49c6baa7109b9d433f9af23aea05b\">\n\t<a href=\"https:\/\/new.abb.com\/se\" target=\"_blank\" class=\"\"><img decoding=\"async\" class=\"img-shortcode aligncenter\" id=\"shortcode-95745cb351f39d8db29260ac15b85e6e\" alt=\"\" src=\"\/\/testelloop.storybook.ee\/wp-content\/uploads\/2018\/10\/abb.svg\" data-at2x=\"\/\/testelloop.storybook.ee\/wp-content\/uploads\/2018\/10\/abb.svg\" \/><\/a><\/div><div class=\"fw-col-xs-12 fw-col-sm-2 layout-col\" id=\"shortcode-6fc0cd021e38df5c072df0a8b9dddaff\">\n\t<a href=\"https:\/\/www.schneider-electric.se\/sv\/\" target=\"_blank\" class=\"\"><img decoding=\"async\" class=\"img-shortcode aligncenter\" id=\"shortcode-26484b60c31ef99d8a14a8d2d3cc751c\" alt=\"\" src=\"\/\/testelloop.storybook.ee\/wp-content\/uploads\/2018\/10\/schneiders.svg\" data-at2x=\"\/\/testelloop.storybook.ee\/wp-content\/uploads\/2018\/10\/schneiders.svg\" \/><\/a><\/div><div class=\"fw-col-xs-12 fw-col-sm-2 layout-col\" id=\"shortcode-122e113d2b9987de7f5ab6058bf78b36\">\n\t<a href=\"https:\/\/www.siemens.com\/se\/sv\/home.html\" target=\"_blank\" class=\"\"><img decoding=\"async\" class=\"img-shortcode aligncenter\" id=\"shortcode-9b8acb5920b591aed2a801852b5f7ed0\" alt=\"\" src=\"\/\/testelloop.storybook.ee\/wp-content\/uploads\/2018\/10\/siemens.svg\" data-at2x=\"\/\/testelloop.storybook.ee\/wp-content\/uploads\/2018\/10\/siemens.svg\" \/><\/a><\/div><div class=\"fw-col-xs-12 fw-col-sm-2 layout-col\" id=\"shortcode-9ba237d5f29c192a59323c4f40b7e5db\">\n\t<a href=\"https:\/\/www.hager.se\/\" target=\"_blank\" class=\"\"><img decoding=\"async\" class=\"img-shortcode aligncenter\" id=\"shortcode-26473ece9e36b7d677f030e4dc72197f\" alt=\"\" src=\"\/\/testelloop.storybook.ee\/wp-content\/uploads\/2018\/10\/hager.svg\" data-at2x=\"\/\/testelloop.storybook.ee\/wp-content\/uploads\/2018\/10\/hager.svg\" \/><\/a><\/div><div class=\"fw-col-xs-12 fw-col-sm-2 layout-col\" id=\"shortcode-6619c4e9e29845e14dc77deb4726a17f\">\n\t<a href=\"https:\/\/www.brim.se\/\" target=\"_blank\" class=\"\"><img decoding=\"async\" class=\"img-shortcode aligncenter\" id=\"shortcode-e834ce2c3b55ec1b27991fc837652a77\" alt=\"\" src=\"\/\/testelloop.storybook.ee\/wp-content\/uploads\/2020\/01\/brim-logo.svg\" data-at2x=\"\/\/testelloop.storybook.ee\/wp-content\/uploads\/2020\/01\/brim-logo.svg\" \/><\/a><\/div><div class=\"fw-col-xs-12 fw-col-sm-2 layout-col\" id=\"shortcode-0715596be64b9475cddd6c68b16b328b\">\n\t<a href=\"https:\/\/www.ssmlivinggroup.com\/sv\/\" target=\"_blank\" class=\"\"><img decoding=\"async\" class=\"img-shortcode aligncenter\" id=\"shortcode-88b6f551e9b8c2d90f903cc224ef23cd\" alt=\"\" src=\"\/\/testelloop.storybook.ee\/wp-content\/uploads\/2018\/12\/ssm-2.svg\" data-at2x=\"\/\/testelloop.storybook.ee\/wp-content\/uploads\/2018\/12\/ssm-2.svg\" \/><\/a><\/div><\/div>\n\n\t<\/div>\n<\/div>\n<\/p>\n","protected":false},"excerpt":{"rendered":"<p>ELLOOP Mission ELLOOP f\u00f6retagets uppdrag \u00e4r att tillhandah\u00e5lla h\u00f6gkvalitativa, flexibla och konkurrenskraftiga l\u00f6sningar inom elsystemkonstruktion. Bakgrund och historiaELLOOPs grundl\u00e4ggande riktning \u00e4r design, konstruktion och rekonstruktion av elsystem.V\u00e5ra kunder \u00e4r byggf\u00f6retag, bostadsf\u00f6reningar och privat\u00e4gare. Tack vare erfarna och professionella arbetslag kan vi s\u00e4kerst\u00e4lla kvaliteten p\u00e5 elinstallationer, och vi kan erbjuda v\u00e5ra kunder kompletta l\u00f6sningar.Vi anser att [&hellip;]<\/p>\n","protected":false},"author":1,"featured_media":0,"parent":0,"menu_order":0,"comment_status":"closed","ping_status":"closed","template":"","meta":{"inline_featured_image":false,"footnotes":""},"class_list":["post-2256","page","type-page","status-publish","hentry"],"yoast_head":"<!-- This site is optimized with the Yoast SEO plugin v27.3 - https:\/\/yoast.com\/product\/yoast-seo-wordpress\/ -->\n<title>Om oss - Elloop<\/title>\n<meta name=\"description\" content=\"ELLOOP Mission ELLOOP f\u00f6retagets uppdrag \u00e4r att tillhandah\u00e5lla h\u00f6gkvalitativa, flexibla och konkurrenskraftiga l\u00f6sningar inom elsystemkonstruktion.\" \/>\n<meta name=\"robots\" content=\"index, follow, max-snippet:-1, max-image-preview:large, max-video-preview:-1\" \/>\n<link rel=\"canonical\" href=\"https:\/\/testelloop.storybook.ee\/sv\/om-oss\/\" \/>\n<meta property=\"og:locale\" content=\"sv_SE\" \/>\n<meta property=\"og:type\" content=\"article\" \/>\n<meta property=\"og:title\" content=\"Om oss - Elloop\" \/>\n<meta property=\"og:description\" content=\"ELLOOP Mission ELLOOP f\u00f6retagets uppdrag \u00e4r att tillhandah\u00e5lla h\u00f6gkvalitativa, flexibla och konkurrenskraftiga l\u00f6sningar inom elsystemkonstruktion.\" \/>\n<meta property=\"og:url\" content=\"https:\/\/testelloop.storybook.ee\/sv\/om-oss\/\" \/>\n<meta property=\"og:site_name\" content=\"Elloop\" \/>\n<meta property=\"article:modified_time\" content=\"2023-06-27T10:22:38+00:00\" \/>\n<meta name=\"twitter:card\" content=\"summary_large_image\" \/>\n<meta name=\"twitter:label1\" content=\"Ber\u00e4knad l\u00e4stid\" \/>\n\t<meta name=\"twitter:data1\" content=\"3 minuter\" \/>\n<script type=\"application\/ld+json\" class=\"yoast-schema-graph\">{\"@context\":\"https:\\\/\\\/schema.org\",\"@graph\":[{\"@type\":\"WebPage\",\"@id\":\"https:\\\/\\\/testelloop.storybook.ee\\\/sv\\\/om-oss\\\/\",\"url\":\"https:\\\/\\\/testelloop.storybook.ee\\\/sv\\\/om-oss\\\/\",\"name\":\"Om oss - Elloop\",\"isPartOf\":{\"@id\":\"https:\\\/\\\/testelloop.storybook.ee\\\/#website\"},\"datePublished\":\"2018-11-15T20:22:32+00:00\",\"dateModified\":\"2023-06-27T10:22:38+00:00\",\"description\":\"ELLOOP Mission ELLOOP f\u00f6retagets uppdrag \u00e4r att tillhandah\u00e5lla h\u00f6gkvalitativa, flexibla och konkurrenskraftiga l\u00f6sningar inom elsystemkonstruktion.\",\"breadcrumb\":{\"@id\":\"https:\\\/\\\/testelloop.storybook.ee\\\/sv\\\/om-oss\\\/#breadcrumb\"},\"inLanguage\":\"sv-SE\",\"potentialAction\":[{\"@type\":\"ReadAction\",\"target\":[\"https:\\\/\\\/testelloop.storybook.ee\\\/sv\\\/om-oss\\\/\"]}]},{\"@type\":\"BreadcrumbList\",\"@id\":\"https:\\\/\\\/testelloop.storybook.ee\\\/sv\\\/om-oss\\\/#breadcrumb\",\"itemListElement\":[{\"@type\":\"ListItem\",\"position\":1,\"name\":\"Home\",\"item\":\"https:\\\/\\\/testelloop.storybook.ee\\\/sv\\\/home-modern\\\/\"},{\"@type\":\"ListItem\",\"position\":2,\"name\":\"Om oss\"}]},{\"@type\":\"WebSite\",\"@id\":\"https:\\\/\\\/testelloop.storybook.ee\\\/#website\",\"url\":\"https:\\\/\\\/testelloop.storybook.ee\\\/\",\"name\":\"Elloop\",\"description\":\"Din p&aring;litliga elektriker i Sverige\",\"publisher\":{\"@id\":\"https:\\\/\\\/testelloop.storybook.ee\\\/#organization\"},\"potentialAction\":[{\"@type\":\"SearchAction\",\"target\":{\"@type\":\"EntryPoint\",\"urlTemplate\":\"https:\\\/\\\/testelloop.storybook.ee\\\/?s={search_term_string}\"},\"query-input\":{\"@type\":\"PropertyValueSpecification\",\"valueRequired\":true,\"valueName\":\"search_term_string\"}}],\"inLanguage\":\"sv-SE\"},{\"@type\":\"Organization\",\"@id\":\"https:\\\/\\\/testelloop.storybook.ee\\\/#organization\",\"name\":\"Elloop\",\"url\":\"https:\\\/\\\/testelloop.storybook.ee\\\/\",\"logo\":{\"@type\":\"ImageObject\",\"inLanguage\":\"sv-SE\",\"@id\":\"https:\\\/\\\/testelloop.storybook.ee\\\/#\\\/schema\\\/logo\\\/image\\\/\",\"url\":\"https:\\\/\\\/testelloop.storybook.ee\\\/wp-content\\\/uploads\\\/2018\\\/11\\\/elloop-logo-retina-v.10-swe.svg\",\"contentUrl\":\"https:\\\/\\\/testelloop.storybook.ee\\\/wp-content\\\/uploads\\\/2018\\\/11\\\/elloop-logo-retina-v.10-swe.svg\",\"width\":391,\"height\":180,\"caption\":\"Elloop\"},\"image\":{\"@id\":\"https:\\\/\\\/testelloop.storybook.ee\\\/#\\\/schema\\\/logo\\\/image\\\/\"}}]}<\/script>\n<!-- \/ Yoast SEO plugin. -->","yoast_head_json":{"title":"Om oss - Elloop","description":"ELLOOP Mission ELLOOP f\u00f6retagets uppdrag \u00e4r att tillhandah\u00e5lla h\u00f6gkvalitativa, flexibla och konkurrenskraftiga l\u00f6sningar inom elsystemkonstruktion.","robots":{"index":"index","follow":"follow","max-snippet":"max-snippet:-1","max-image-preview":"max-image-preview:large","max-video-preview":"max-video-preview:-1"},"canonical":"https:\/\/testelloop.storybook.ee\/sv\/om-oss\/","og_locale":"sv_SE","og_type":"article","og_title":"Om oss - Elloop","og_description":"ELLOOP Mission ELLOOP f\u00f6retagets uppdrag \u00e4r att tillhandah\u00e5lla h\u00f6gkvalitativa, flexibla och konkurrenskraftiga l\u00f6sningar inom elsystemkonstruktion.","og_url":"https:\/\/testelloop.storybook.ee\/sv\/om-oss\/","og_site_name":"Elloop","article_modified_time":"2023-06-27T10:22:38+00:00","twitter_card":"summary_large_image","twitter_misc":{"Ber\u00e4knad l\u00e4stid":"3 minuter"},"schema":{"@context":"https:\/\/schema.org","@graph":[{"@type":"WebPage","@id":"https:\/\/testelloop.storybook.ee\/sv\/om-oss\/","url":"https:\/\/testelloop.storybook.ee\/sv\/om-oss\/","name":"Om oss - Elloop","isPartOf":{"@id":"https:\/\/testelloop.storybook.ee\/#website"},"datePublished":"2018-11-15T20:22:32+00:00","dateModified":"2023-06-27T10:22:38+00:00","description":"ELLOOP Mission ELLOOP f\u00f6retagets uppdrag \u00e4r att tillhandah\u00e5lla h\u00f6gkvalitativa, flexibla och konkurrenskraftiga l\u00f6sningar inom elsystemkonstruktion.","breadcrumb":{"@id":"https:\/\/testelloop.storybook.ee\/sv\/om-oss\/#breadcrumb"},"inLanguage":"sv-SE","potentialAction":[{"@type":"ReadAction","target":["https:\/\/testelloop.storybook.ee\/sv\/om-oss\/"]}]},{"@type":"BreadcrumbList","@id":"https:\/\/testelloop.storybook.ee\/sv\/om-oss\/#breadcrumb","itemListElement":[{"@type":"ListItem","position":1,"name":"Home","item":"https:\/\/testelloop.storybook.ee\/sv\/home-modern\/"},{"@type":"ListItem","position":2,"name":"Om oss"}]},{"@type":"WebSite","@id":"https:\/\/testelloop.storybook.ee\/#website","url":"https:\/\/testelloop.storybook.ee\/","name":"Elloop","description":"Din p&aring;litliga elektriker i Sverige","publisher":{"@id":"https:\/\/testelloop.storybook.ee\/#organization"},"potentialAction":[{"@type":"SearchAction","target":{"@type":"EntryPoint","urlTemplate":"https:\/\/testelloop.storybook.ee\/?s={search_term_string}"},"query-input":{"@type":"PropertyValueSpecification","valueRequired":true,"valueName":"search_term_string"}}],"inLanguage":"sv-SE"},{"@type":"Organization","@id":"https:\/\/testelloop.storybook.ee\/#organization","name":"Elloop","url":"https:\/\/testelloop.storybook.ee\/","logo":{"@type":"ImageObject","inLanguage":"sv-SE","@id":"https:\/\/testelloop.storybook.ee\/#\/schema\/logo\/image\/","url":"https:\/\/testelloop.storybook.ee\/wp-content\/uploads\/2018\/11\/elloop-logo-retina-v.10-swe.svg","contentUrl":"https:\/\/testelloop.storybook.ee\/wp-content\/uploads\/2018\/11\/elloop-logo-retina-v.10-swe.svg","width":391,"height":180,"caption":"Elloop"},"image":{"@id":"https:\/\/testelloop.storybook.ee\/#\/schema\/logo\/image\/"}}]}},"_links":{"self":[{"href":"https:\/\/testelloop.storybook.ee\/sv\/wp-json\/wp\/v2\/pages\/2256","targetHints":{"allow":["GET"]}}],"collection":[{"href":"https:\/\/testelloop.storybook.ee\/sv\/wp-json\/wp\/v2\/pages"}],"about":[{"href":"https:\/\/testelloop.storybook.ee\/sv\/wp-json\/wp\/v2\/types\/page"}],"author":[{"embeddable":true,"href":"https:\/\/testelloop.storybook.ee\/sv\/wp-json\/wp\/v2\/users\/1"}],"replies":[{"embeddable":true,"href":"https:\/\/testelloop.storybook.ee\/sv\/wp-json\/wp\/v2\/comments?post=2256"}],"version-history":[{"count":23,"href":"https:\/\/testelloop.storybook.ee\/sv\/wp-json\/wp\/v2\/pages\/2256\/revisions"}],"predecessor-version":[{"id":2821,"href":"https:\/\/testelloop.storybook.ee\/sv\/wp-json\/wp\/v2\/pages\/2256\/revisions\/2821"}],"wp:attachment":[{"href":"https:\/\/testelloop.storybook.ee\/sv\/wp-json\/wp\/v2\/media?parent=2256"}],"curies":[{"name":"wp","href":"https:\/\/api.w.org\/{rel}","templated":true}]}}