{"id":2250,"date":"2015-12-21T13:52:05","date_gmt":"2015-12-21T13:52:05","guid":{"rendered":"https:\/\/testelloop.storybook.ee\/contact\/"},"modified":"2023-10-16T21:45:38","modified_gmt":"2023-10-16T19:45:38","slug":"kontakta","status":"publish","type":"page","link":"https:\/\/testelloop.storybook.ee\/sv\/kontakta\/","title":{"rendered":"Kontakta oss"},"content":{"rendered":"<p><div id=\"shortcode-f1cc169699482997e8ce974e82b22890\" class=\"fw-main-row default\" >\n\t<div class=\"container\">\n\t\t\n<div class=\"fw-row\">\n\t<div class=\"fw-col-xs-12 fw-col-sm-6 layout-col\" id=\"shortcode-fa49794be5cb3cf8d4a9ae80c2938ada\">\n\t<h5 id=\"shortcode-f648126060e6558a1ca12a120eb53047\" class=\"\" >V\u00e5r adress<\/h5>\n\t<div class=\"fw-divider-space\" style=\"padding-top: 25px;\"><\/div>\n\r\n<div class=\"contact-info-shortcode\">\r\n\r\n\t<div class=\"content-row phones\">\r\n\t\t<img decoding=\"async\" src=\"https:\/\/testelloop.storybook.ee\/wp-content\/themes\/wplab-recover\/images\/svg\/telephone.svg\" class=\"image-svg\" alt=\"\" \/>\t\t<div class=\"text-container\">\r\n\t\t\t<div class=\"text\">\t\t\t\t\t\t\r\n\t\t\t\tTel: +467 00 33 87 02\t\t\t<\/div>\r\n\t\t<\/div>\r\n\t<\/div>\r\n\r\n\r\n\r\n\t<div class=\"content-row address\">\r\n\t\t<img decoding=\"async\" src=\"https:\/\/testelloop.storybook.ee\/wp-content\/themes\/wplab-recover\/images\/svg\/direction.svg\" class=\"image-svg\" alt=\"\" \/>\t\t\t\r\n\t\t<div class=\"text-container\">\r\n\t\t\t<div class=\"text\">\t\r\n\t\t\t\tVinterv\u00e4gen 36 <br \/>\n13540 Tyres\u00f6, Sverige<br \/>\n\t\t\t<\/div>\r\n\t\t<\/div>\r\n\t<\/div>\r\n\r\n\r\n\r\n\t<div class=\"content-row emails\">\r\n\t\t<img decoding=\"async\" src=\"https:\/\/testelloop.storybook.ee\/wp-content\/themes\/wplab-recover\/images\/svg\/origami.svg\" class=\"image-svg\" alt=\"\" \/>\t\t\r\n\t\t<div class=\"text-container\">\r\n\t\t\t<div class=\"text\">\t\t\r\n\t\t\t\t<a href=\"mailto:info@elloop.se\">info@elloop.se<\/a>\t\t\t<\/div>\r\n\t\t<\/div>\r\n\t<\/div>\r\n\r\n<\/div><\/div><div class=\"fw-col-xs-12 fw-col-sm-6 layout-col\" id=\"shortcode-ea7f7063cc7f792b2a582fa93d33fd90\">\n\t<div data-redirect-url=\"\" class=\"form-wrapper contact-form\">\n\t<form data-fw-form-id=\"fw_form\" method=\"post\" action=\"https:\/\/testelloop.storybook.ee\/sv\/wp-json\/wp\/v2\/pages\/2250\" class=\"fw_form_fw_form\" data-fw-ext-forms-type=\"contact-forms\"  ><input type=\"hidden\" name=\"fwf\" value=\"fw_form\" \/><input type=\"hidden\" id=\"_nonce_eb39c52c1c8d64913b83a3aacb46a849\" name=\"_nonce_eb39c52c1c8d64913b83a3aacb46a849\" value=\"33d7df8e32\" \/><input type=\"hidden\" name=\"_wp_http_referer\" value=\"\/sv\/wp-json\/wp\/v2\/pages\/2250\" \/><input type=\"hidden\" name=\"fw_ext_forms_form_type\" value=\"contact-forms\" \/><input type=\"hidden\" name=\"fw_ext_forms_form_id\" value=\"3595ac49f13bfb6a1ea010093d2b1a40\" \/><div class=\"wrap-forms\">\n\t<div class=\"fw-row\"><div class=\"fw-col-xs-12 form-builder-item form-builder-item\">\n\t<div class=\"header title\">\n\t\t<h2>\u00c5terkoppling<\/h2>\n\t\t\t<\/div>\n<\/div><\/div><div class=\"fw-row\"><div class=\"fw-col-xs-12 fw-col-sm-9 form-builder-item\">\n\t<div class=\"field-text\">\n\t\t\t\t<input type=\"text\" name=\"text_159418b\" placeholder=\"Ditt namn\" value=\"Ditt namn\" id=\"id-1\" required=\"required\" data-constraint=\"{&quot;type&quot;:&quot;words&quot;,&quot;data&quot;:{&quot;min&quot;:1,&quot;max&quot;:&quot;&quot;}}\" >\n\t\t\t<\/div>\n<\/div><\/div><div class=\"fw-row\"><div class=\"fw-col-xs-12 fw-col-sm-9 form-builder-item\">\n\t<div class=\"field-text\">\n\t\t\t\t<input type=\"text\" name=\"email_e3fec4c\" placeholder=\"E-post\" value=\"\" id=\"id-2\" required=\"required\" >\n\t\t\t<\/div>\n<\/div><\/div><div class=\"fw-row\"><div class=\"fw-col-xs-12 fw-col-sm-9 form-builder-item\">\n\t<div class=\"field-text\">\n\t\t\t\t<input type=\"text\" name=\"text_80a3d7c\" placeholder=\"\u00c4mne\" value=\"\" id=\"id-3\" >\n\t\t\t<\/div>\n<\/div><\/div><div class=\"fw-row\"><div class=\"fw-col-xs-12 form-builder-item\">\n\t<div class=\"field-textarea\">\n\t\t\t\t<textarea name=\"textarea_30b6d89\" placeholder=\"Meddelande\" id=\"id-4\" required=\"required\" data-constraint=\"{&quot;type&quot;:&quot;characters&quot;,&quot;data&quot;:{&quot;min&quot;:20,&quot;max&quot;:&quot;&quot;}}\" ><\/textarea>\n\t\t\t<\/div>\n<\/div><\/div><div class=\"fw-row\"><div class=\"fw-col-xs-12 fw-col-sm-6 form-builder-item\">\n\t<div class=\"field-recaptcha\">\n\t\t<label>Recaptcha<\/label>\n\t\t<input type=\"hidden\" name=\"recaptcha_201beec\">\n\t\t<div class=\"form-builder-item-recaptcha\" ><\/div>\n\t<\/div>\n<\/div><\/div><\/div><div>\n\t<a href=\"javascript:;\" class=\"form-builder-submit button style-yellow poly right size-large\">Skicka ditt meddelande<\/a>\n<\/div><\/form><\/div><\/div><\/div>\n\n\t<\/div>\n<\/div>\n<div id=\"shortcode-c325d52192d0d39e436af14ecac71ac2\" class=\"fw-main-row stretch_row_content_no_paddings\" >\n\t<div class=\"container-fluid\">\n\t\t\n<div class=\"fw-row\">\n\t<div class=\"fw-col-xs-12 layout-col\" id=\"shortcode-6bef29b5082834bf2e35b7194ff4e1d1\">\n\t<div class=\"fw-map\" data-locations=\"[{&quot;title&quot;:&quot;&quot;,&quot;url&quot;:&quot;&quot;,&quot;thumb&quot;:false,&quot;coordinates&quot;:{&quot;lat&quot;:59.3218435,&quot;lng&quot;:18.216767300000015},&quot;description&quot;:&quot;&quot;}]\" data-map-type=\"ROADMAP\" data-map-height=\"450\" data-gmap-key=\"AIzaSyCUAi8qasiSXyqV53wCnCKs7H_HpsK5KJ4\" data-disable-scrolling=\"\" >\n\t<div class=\"fw-map-canvas\"><\/div>\n<\/div><\/div><\/div>\n\n\t<\/div>\n<\/div>\n<div class=\"row-full-width\"><\/div><div id=\"shortcode-500263c6b5582987da2ef1d5e8445f04\" class=\"fw-main-row default\" >\n\t<div class=\"container\">\n\t\t\n<div class=\"fw-row\">\n\t<div class=\"fw-col-xs-12 fw-col-sm-2 layout-col\" id=\"shortcode-e6c49c6baa7109b9d433f9af23aea05b\">\n\t<a href=\"https:\/\/new.abb.com\/se\" target=\"_blank\" class=\"\"><img decoding=\"async\" class=\"img-shortcode aligncenter\" id=\"shortcode-95745cb351f39d8db29260ac15b85e6e\" alt=\"\" src=\"\/\/testelloop.storybook.ee\/wp-content\/uploads\/2018\/10\/abb.svg\" data-at2x=\"\/\/testelloop.storybook.ee\/wp-content\/uploads\/2018\/10\/abb.svg\" \/><\/a><\/div><div class=\"fw-col-xs-12 fw-col-sm-2 layout-col\" id=\"shortcode-6fc0cd021e38df5c072df0a8b9dddaff\">\n\t<a href=\"https:\/\/www.schneider-electric.se\/sv\/\" target=\"_blank\" class=\"\"><img decoding=\"async\" class=\"img-shortcode aligncenter\" id=\"shortcode-26484b60c31ef99d8a14a8d2d3cc751c\" alt=\"\" src=\"\/\/testelloop.storybook.ee\/wp-content\/uploads\/2018\/10\/schneiders.svg\" data-at2x=\"\/\/testelloop.storybook.ee\/wp-content\/uploads\/2018\/10\/schneiders.svg\" \/><\/a><\/div><div class=\"fw-col-xs-12 fw-col-sm-2 layout-col\" id=\"shortcode-122e113d2b9987de7f5ab6058bf78b36\">\n\t<a href=\"https:\/\/www.siemens.com\/se\/sv\/home.html\" target=\"_blank\" class=\"\"><img decoding=\"async\" class=\"img-shortcode aligncenter\" id=\"shortcode-9b8acb5920b591aed2a801852b5f7ed0\" alt=\"\" src=\"\/\/testelloop.storybook.ee\/wp-content\/uploads\/2018\/10\/siemens.svg\" data-at2x=\"\/\/testelloop.storybook.ee\/wp-content\/uploads\/2018\/10\/siemens.svg\" \/><\/a><\/div><div class=\"fw-col-xs-12 fw-col-sm-2 layout-col\" id=\"shortcode-9ba237d5f29c192a59323c4f40b7e5db\">\n\t<a href=\"https:\/\/www.hager.se\/\" target=\"_blank\" class=\"\"><img decoding=\"async\" class=\"img-shortcode aligncenter\" id=\"shortcode-26473ece9e36b7d677f030e4dc72197f\" alt=\"\" src=\"\/\/testelloop.storybook.ee\/wp-content\/uploads\/2018\/10\/hager.svg\" data-at2x=\"\/\/testelloop.storybook.ee\/wp-content\/uploads\/2018\/10\/hager.svg\" \/><\/a><\/div><div class=\"fw-col-xs-12 fw-col-sm-2 layout-col\" id=\"shortcode-6619c4e9e29845e14dc77deb4726a17f\">\n\t<a href=\"https:\/\/www.brim.se\/\" target=\"_blank\" class=\"\"><img decoding=\"async\" class=\"img-shortcode aligncenter\" id=\"shortcode-e834ce2c3b55ec1b27991fc837652a77\" alt=\"\" src=\"\/\/testelloop.storybook.ee\/wp-content\/uploads\/2020\/01\/brim-logo.svg\" data-at2x=\"\/\/testelloop.storybook.ee\/wp-content\/uploads\/2020\/01\/brim-logo.svg\" \/><\/a><\/div><div class=\"fw-col-xs-12 fw-col-sm-2 layout-col\" id=\"shortcode-0715596be64b9475cddd6c68b16b328b\">\n\t<a href=\"https:\/\/www.ncc.se\/\" target=\"_blank\" class=\"\"><img decoding=\"async\" class=\"img-shortcode aligncenter\" id=\"shortcode-88b6f551e9b8c2d90f903cc224ef23cd\" alt=\"\" src=\"\/\/testelloop.storybook.ee\/wp-content\/uploads\/2023\/10\/logo-1.svg\" data-at2x=\"\/\/testelloop.storybook.ee\/wp-content\/uploads\/2023\/10\/logo-1.svg\" \/><\/a><\/div><\/div>\n\n\t<\/div>\n<\/div>\n<\/p>\n","protected":false},"excerpt":{"rendered":"<p>V\u00e5r adress Tel: +467 00 33 87 02 Vinterv\u00e4gen 36 13540 Tyres\u00f6, Sverige info@elloop.se \u00c5terkoppling Recaptcha Skicka ditt meddelande<\/p>\n","protected":false},"author":1,"featured_media":0,"parent":0,"menu_order":0,"comment_status":"closed","ping_status":"closed","template":"","meta":{"inline_featured_image":false,"footnotes":""},"class_list":["post-2250","page","type-page","status-publish","hentry"],"yoast_head":"<!-- This site is optimized with the Yoast SEO plugin v27.3 - https:\/\/yoast.com\/product\/yoast-seo-wordpress\/ -->\n<title>Kontakta oss - Elloop<\/title>\n<meta name=\"description\" content=\"V\u00e5r adress Tel: +467 00 33 87 02 Vinterv\u00e4gen 36 13540 Tyres\u00f6, Sverige info@elloop.se \u00c5terkoppling Recaptcha Skicka ditt\" \/>\n<meta name=\"robots\" content=\"index, follow, max-snippet:-1, max-image-preview:large, max-video-preview:-1\" \/>\n<link rel=\"canonical\" href=\"https:\/\/testelloop.storybook.ee\/sv\/kontakta\/\" \/>\n<meta property=\"og:locale\" content=\"sv_SE\" \/>\n<meta property=\"og:type\" content=\"article\" \/>\n<meta property=\"og:title\" content=\"Kontakta oss - Elloop\" \/>\n<meta property=\"og:description\" content=\"V\u00e5r adress Tel: +467 00 33 87 02 Vinterv\u00e4gen 36 13540 Tyres\u00f6, Sverige info@elloop.se \u00c5terkoppling Recaptcha Skicka ditt\" \/>\n<meta property=\"og:url\" content=\"https:\/\/testelloop.storybook.ee\/sv\/kontakta\/\" \/>\n<meta property=\"og:site_name\" content=\"Elloop\" \/>\n<meta property=\"article:modified_time\" content=\"2023-10-16T19:45:38+00:00\" \/>\n<meta property=\"og:image\" content=\"https:\/\/testelloop.storybook.ee\/wp-content\/themes\/wplab-recover\/images\/svg\/telephone.svg\" \/>\n<meta name=\"twitter:card\" content=\"summary_large_image\" \/>\n<script type=\"application\/ld+json\" class=\"yoast-schema-graph\">{\"@context\":\"https:\\\/\\\/schema.org\",\"@graph\":[{\"@type\":\"WebPage\",\"@id\":\"https:\\\/\\\/testelloop.storybook.ee\\\/sv\\\/kontakta\\\/\",\"url\":\"https:\\\/\\\/testelloop.storybook.ee\\\/sv\\\/kontakta\\\/\",\"name\":\"Kontakta oss - Elloop\",\"isPartOf\":{\"@id\":\"https:\\\/\\\/testelloop.storybook.ee\\\/#website\"},\"primaryImageOfPage\":{\"@id\":\"https:\\\/\\\/testelloop.storybook.ee\\\/sv\\\/kontakta\\\/#primaryimage\"},\"image\":{\"@id\":\"https:\\\/\\\/testelloop.storybook.ee\\\/sv\\\/kontakta\\\/#primaryimage\"},\"thumbnailUrl\":\"https:\\\/\\\/testelloop.storybook.ee\\\/wp-content\\\/themes\\\/wplab-recover\\\/images\\\/svg\\\/telephone.svg\",\"datePublished\":\"2015-12-21T13:52:05+00:00\",\"dateModified\":\"2023-10-16T19:45:38+00:00\",\"description\":\"V\u00e5r adress Tel: +467 00 33 87 02 Vinterv\u00e4gen 36 13540 Tyres\u00f6, Sverige info@elloop.se \u00c5terkoppling Recaptcha Skicka ditt\",\"breadcrumb\":{\"@id\":\"https:\\\/\\\/testelloop.storybook.ee\\\/sv\\\/kontakta\\\/#breadcrumb\"},\"inLanguage\":\"sv-SE\",\"potentialAction\":[{\"@type\":\"ReadAction\",\"target\":[\"https:\\\/\\\/testelloop.storybook.ee\\\/sv\\\/kontakta\\\/\"]}]},{\"@type\":\"ImageObject\",\"inLanguage\":\"sv-SE\",\"@id\":\"https:\\\/\\\/testelloop.storybook.ee\\\/sv\\\/kontakta\\\/#primaryimage\",\"url\":\"https:\\\/\\\/testelloop.storybook.ee\\\/wp-content\\\/themes\\\/wplab-recover\\\/images\\\/svg\\\/telephone.svg\",\"contentUrl\":\"https:\\\/\\\/testelloop.storybook.ee\\\/wp-content\\\/themes\\\/wplab-recover\\\/images\\\/svg\\\/telephone.svg\"},{\"@type\":\"BreadcrumbList\",\"@id\":\"https:\\\/\\\/testelloop.storybook.ee\\\/sv\\\/kontakta\\\/#breadcrumb\",\"itemListElement\":[{\"@type\":\"ListItem\",\"position\":1,\"name\":\"Home\",\"item\":\"https:\\\/\\\/testelloop.storybook.ee\\\/sv\\\/home-modern\\\/\"},{\"@type\":\"ListItem\",\"position\":2,\"name\":\"Kontakta oss\"}]},{\"@type\":\"WebSite\",\"@id\":\"https:\\\/\\\/testelloop.storybook.ee\\\/#website\",\"url\":\"https:\\\/\\\/testelloop.storybook.ee\\\/\",\"name\":\"Elloop\",\"description\":\"Din p&aring;litliga elektriker i Sverige\",\"publisher\":{\"@id\":\"https:\\\/\\\/testelloop.storybook.ee\\\/#organization\"},\"potentialAction\":[{\"@type\":\"SearchAction\",\"target\":{\"@type\":\"EntryPoint\",\"urlTemplate\":\"https:\\\/\\\/testelloop.storybook.ee\\\/?s={search_term_string}\"},\"query-input\":{\"@type\":\"PropertyValueSpecification\",\"valueRequired\":true,\"valueName\":\"search_term_string\"}}],\"inLanguage\":\"sv-SE\"},{\"@type\":\"Organization\",\"@id\":\"https:\\\/\\\/testelloop.storybook.ee\\\/#organization\",\"name\":\"Elloop\",\"url\":\"https:\\\/\\\/testelloop.storybook.ee\\\/\",\"logo\":{\"@type\":\"ImageObject\",\"inLanguage\":\"sv-SE\",\"@id\":\"https:\\\/\\\/testelloop.storybook.ee\\\/#\\\/schema\\\/logo\\\/image\\\/\",\"url\":\"https:\\\/\\\/testelloop.storybook.ee\\\/wp-content\\\/uploads\\\/2018\\\/11\\\/elloop-logo-retina-v.10-swe.svg\",\"contentUrl\":\"https:\\\/\\\/testelloop.storybook.ee\\\/wp-content\\\/uploads\\\/2018\\\/11\\\/elloop-logo-retina-v.10-swe.svg\",\"width\":391,\"height\":180,\"caption\":\"Elloop\"},\"image\":{\"@id\":\"https:\\\/\\\/testelloop.storybook.ee\\\/#\\\/schema\\\/logo\\\/image\\\/\"}}]}<\/script>\n<!-- \/ Yoast SEO plugin. -->","yoast_head_json":{"title":"Kontakta oss - Elloop","description":"V\u00e5r adress Tel: +467 00 33 87 02 Vinterv\u00e4gen 36 13540 Tyres\u00f6, Sverige info@elloop.se \u00c5terkoppling Recaptcha Skicka ditt","robots":{"index":"index","follow":"follow","max-snippet":"max-snippet:-1","max-image-preview":"max-image-preview:large","max-video-preview":"max-video-preview:-1"},"canonical":"https:\/\/testelloop.storybook.ee\/sv\/kontakta\/","og_locale":"sv_SE","og_type":"article","og_title":"Kontakta oss - Elloop","og_description":"V\u00e5r adress Tel: +467 00 33 87 02 Vinterv\u00e4gen 36 13540 Tyres\u00f6, Sverige info@elloop.se \u00c5terkoppling Recaptcha Skicka ditt","og_url":"https:\/\/testelloop.storybook.ee\/sv\/kontakta\/","og_site_name":"Elloop","article_modified_time":"2023-10-16T19:45:38+00:00","og_image":[{"url":"https:\/\/testelloop.storybook.ee\/wp-content\/themes\/wplab-recover\/images\/svg\/telephone.svg","type":"","width":"","height":""}],"twitter_card":"summary_large_image","schema":{"@context":"https:\/\/schema.org","@graph":[{"@type":"WebPage","@id":"https:\/\/testelloop.storybook.ee\/sv\/kontakta\/","url":"https:\/\/testelloop.storybook.ee\/sv\/kontakta\/","name":"Kontakta oss - Elloop","isPartOf":{"@id":"https:\/\/testelloop.storybook.ee\/#website"},"primaryImageOfPage":{"@id":"https:\/\/testelloop.storybook.ee\/sv\/kontakta\/#primaryimage"},"image":{"@id":"https:\/\/testelloop.storybook.ee\/sv\/kontakta\/#primaryimage"},"thumbnailUrl":"https:\/\/testelloop.storybook.ee\/wp-content\/themes\/wplab-recover\/images\/svg\/telephone.svg","datePublished":"2015-12-21T13:52:05+00:00","dateModified":"2023-10-16T19:45:38+00:00","description":"V\u00e5r adress Tel: +467 00 33 87 02 Vinterv\u00e4gen 36 13540 Tyres\u00f6, Sverige info@elloop.se \u00c5terkoppling Recaptcha Skicka ditt","breadcrumb":{"@id":"https:\/\/testelloop.storybook.ee\/sv\/kontakta\/#breadcrumb"},"inLanguage":"sv-SE","potentialAction":[{"@type":"ReadAction","target":["https:\/\/testelloop.storybook.ee\/sv\/kontakta\/"]}]},{"@type":"ImageObject","inLanguage":"sv-SE","@id":"https:\/\/testelloop.storybook.ee\/sv\/kontakta\/#primaryimage","url":"https:\/\/testelloop.storybook.ee\/wp-content\/themes\/wplab-recover\/images\/svg\/telephone.svg","contentUrl":"https:\/\/testelloop.storybook.ee\/wp-content\/themes\/wplab-recover\/images\/svg\/telephone.svg"},{"@type":"BreadcrumbList","@id":"https:\/\/testelloop.storybook.ee\/sv\/kontakta\/#breadcrumb","itemListElement":[{"@type":"ListItem","position":1,"name":"Home","item":"https:\/\/testelloop.storybook.ee\/sv\/home-modern\/"},{"@type":"ListItem","position":2,"name":"Kontakta oss"}]},{"@type":"WebSite","@id":"https:\/\/testelloop.storybook.ee\/#website","url":"https:\/\/testelloop.storybook.ee\/","name":"Elloop","description":"Din p&aring;litliga elektriker i Sverige","publisher":{"@id":"https:\/\/testelloop.storybook.ee\/#organization"},"potentialAction":[{"@type":"SearchAction","target":{"@type":"EntryPoint","urlTemplate":"https:\/\/testelloop.storybook.ee\/?s={search_term_string}"},"query-input":{"@type":"PropertyValueSpecification","valueRequired":true,"valueName":"search_term_string"}}],"inLanguage":"sv-SE"},{"@type":"Organization","@id":"https:\/\/testelloop.storybook.ee\/#organization","name":"Elloop","url":"https:\/\/testelloop.storybook.ee\/","logo":{"@type":"ImageObject","inLanguage":"sv-SE","@id":"https:\/\/testelloop.storybook.ee\/#\/schema\/logo\/image\/","url":"https:\/\/testelloop.storybook.ee\/wp-content\/uploads\/2018\/11\/elloop-logo-retina-v.10-swe.svg","contentUrl":"https:\/\/testelloop.storybook.ee\/wp-content\/uploads\/2018\/11\/elloop-logo-retina-v.10-swe.svg","width":391,"height":180,"caption":"Elloop"},"image":{"@id":"https:\/\/testelloop.storybook.ee\/#\/schema\/logo\/image\/"}}]}},"_links":{"self":[{"href":"https:\/\/testelloop.storybook.ee\/sv\/wp-json\/wp\/v2\/pages\/2250","targetHints":{"allow":["GET"]}}],"collection":[{"href":"https:\/\/testelloop.storybook.ee\/sv\/wp-json\/wp\/v2\/pages"}],"about":[{"href":"https:\/\/testelloop.storybook.ee\/sv\/wp-json\/wp\/v2\/types\/page"}],"author":[{"embeddable":true,"href":"https:\/\/testelloop.storybook.ee\/sv\/wp-json\/wp\/v2\/users\/1"}],"replies":[{"embeddable":true,"href":"https:\/\/testelloop.storybook.ee\/sv\/wp-json\/wp\/v2\/comments?post=2250"}],"version-history":[{"count":19,"href":"https:\/\/testelloop.storybook.ee\/sv\/wp-json\/wp\/v2\/pages\/2250\/revisions"}],"predecessor-version":[{"id":3342,"href":"https:\/\/testelloop.storybook.ee\/sv\/wp-json\/wp\/v2\/pages\/2250\/revisions\/3342"}],"wp:attachment":[{"href":"https:\/\/testelloop.storybook.ee\/sv\/wp-json\/wp\/v2\/media?parent=2250"}],"curies":[{"name":"wp","href":"https:\/\/api.w.org\/{rel}","templated":true}]}}