{"id":2829,"date":"2023-07-20T16:28:29","date_gmt":"2023-07-20T14:28:29","guid":{"rendered":"https:\/\/testelloop.storybook.ee\/?page_id=2829"},"modified":"2025-12-09T14:48:08","modified_gmt":"2025-12-09T13:48:08","slug":"ettevottest","status":"publish","type":"page","link":"https:\/\/testelloop.storybook.ee\/et\/ettevottest\/","title":{"rendered":"Ettev\u00f5ttest"},"content":{"rendered":"<p><div id=\"shortcode-28afe56a4d42ecfb49899802ef51b6d5\" class=\"fw-main-row default\" >\n\t<div class=\"container\">\n\t\t\n<div class=\"fw-row\">\n\t<div class=\"fw-col-xs-12 layout-col\" id=\"shortcode-73975569619101c17a2e8777dd9446f7\">\n\t<div class=\"theme-intro-block\">\n\t<div class=\"container-fluid\">\n\t\t<div class=\"row\">\n\t\t\t<div class=\"col-md-6\">\n\t\t\t\n\t\t\t\t\t\t\t\t<img decoding=\"async\" data-src=\"\/\/testelloop.storybook.ee\/wp-content\/uploads\/2018\/10\/elloop-670x430.jpg\" class=\"b-lazy\" src=\"data:image\/gif;base64,R0lGODlhAQABAAAAACH5BAEKAAEALAAAAAABAAEAAAICTAEAOw==\" alt=\"\" \/>\n\t\t\t\t\t\t\t\n\t\t\t<\/div>\n\t\t\t<div class=\"col-md-6\">\n\t\t\t\n\t\t\t\t<div class=\"text-block\">\n\t\t\t\t\t\t\t\t\t\t\t<h4>Firma ELLOOP missioon<\/h4>\n\t\t\t\t\t\t\t\t\t\t\n\t\t\t\t\t\t\t\t\t\t\t<div class=\"text\">Firma ELLOOP missioon on pakkuda kvaliteetseid, paindlikke ja konkurentsiv\u00f5imelisi lahendusi elektris\u00fcsteemide ehituse valdkonnas.<\/div>\n\t\t\t\t\t\t\t\t\t<\/div>\n\t\t\t\n\t\t\t<\/div>\n\t\t<\/div>\n\t<\/div>\n\t\n<\/div>\n\t<div class=\"fw-divider-space\" style=\"padding-top: 20px;\"><\/div>\n<\/div><\/div>\n\n\n<div class=\"fw-row\">\n\t<div class=\"fw-col-xs-12 fw-col-sm-6 layout-col\" id=\"shortcode-c4fafde8bb329ebeee3d37f447a7b6c2\">\n\t<h4 id=\"shortcode-cbe625ec987c98f2e9cf31ba36cb6c06\" class=\"\" >Taust ja ajalugu<\/h4><p class=\"p1\">Firma ELLOOP p\u00f5hisuunaks on elektris\u00fcsteemide projekteerimine, ehitamine ja \u00fcmberehitamine.<\/p><p class=\"p1\">Meie klientideks on ehitusettev\u00f5tted, elamu\u00fchistud, eramajaomanikud. T\u00e4nu kogenud ja professionaalsele meeskonnale suudame me tagada elektripaigaldiste kvaliteedi ning pakkuda oma klientidele terviklahendusi.<\/p><p class=\"p1\">Meie jaoks on oluline s\u00e4\u00e4sta oma klientide aega ja osutada neile terviklikku teenust, mis h\u00f5lmab ehitusprojekte, vajalike koosk\u00f5lastuste ja reguleerivate dokumentide hankimist koos m\u00f5\u00f5tmiste ning t\u00e4ieliku tehnilise dokumentatsiooni koostamisega. Anname oma t\u00f6\u00f6le garantii ja pakume hooldust. Meie eesm\u00e4rk on tagada elektripaigaldiste paljude aastate pikkune usaldusv\u00e4\u00e4rne toimimine ning t\u00e4ielik klientide rahulolu.<\/p><\/div><div class=\"fw-col-xs-12 fw-col-sm-6 layout-col\" id=\"shortcode-3360adcfa5e7fe780c3bbc145c32d3e3\">\n\t<h4 id=\"shortcode-6b16a505880c0a53db47a95db802f41a\" class=\"\" >Teenused ja tarnemaht<\/h4><div class=\"theme-accordion style-small_font\">\n\t\t\t<div class=\"theme-toggle target\" data-swap-group=\"group-theme-toggles-69dcea68e7c60\" data-swap-target=\"#theme-toggles-69dcea68e7c60-0\">\n\t\t\tElektriliste juhtpaneelide s\u00fcsteemid\t\t<\/div>\n\t\t<div class=\"toggle\" id=\"theme-toggles-69dcea68e7c60-0\">\n\t\t\tMeie insenerid koostavad sageli ise PLC paneeli projekti. N\u00e4iteks kui elektriprojekt on koostatud, peab elektrik selle valmis ehitama. Seep\u00e4rast on teie kohustus selgitada arusaadavalt oma projektiga seotud soove elektrikutele jooniste abil.\t\t<\/div>\n\t\t\t<div class=\"theme-toggle target\" data-swap-group=\"group-theme-toggles-69dcea68e7c60\" data-swap-target=\"#theme-toggles-69dcea68e7c60-1\">\n\t\t\tT\u00f6\u00f6stuslikud elektris\u00fcsteemid\t\t<\/div>\n\t\t<div class=\"toggle\" id=\"theme-toggles-69dcea68e7c60-1\">\n\t\t\tElloop AB v\u00f5imaldab teostada nutikamat \u00e4ritegevust seadmete, tarkvara ja teenuste \u00fchendamise kaudu, et kaitsta, juhtida ja optimeerida elektritaristute komponente. Erinevates energiamahukates t\u00f6\u00f6stusharudes pakume klientidele toodete ja teenuste terviklahendusi, mis aitavad tagada nende elektritaristu t\u00f6\u00f6kindluse ja kaitse.\t\t<\/div>\n\t\t\t<div class=\"theme-toggle target\" data-swap-group=\"group-theme-toggles-69dcea68e7c60\" data-swap-target=\"#theme-toggles-69dcea68e7c60-2\">\n\t\t\t\u00c4rihoonete elektripaigaldised\t\t<\/div>\n\t\t<div class=\"toggle\" id=\"theme-toggles-69dcea68e7c60-2\">\n\t\t\t\u00c4ri- ja t\u00f6\u00f6stuspiirkondades asuvate elektripaigaldiste n\u00f5uded on m\u00e4rkimisv\u00e4\u00e4rselt rangemad kui eluhoonete korral. V\u00e4ga olulised on n\u00e4iteks sellised tegurid nagu juhtmete survetugevus ja takistus, eriti t\u00f6\u00f6stuse ja oskust\u00f6\u00f6 valdkonnas, s\u00fcsteemi toimivus tulekahju korral ja ohtliku vingugaasi v\u00e4ltimine on aga peamise t\u00e4htsusega avalikes alades, n\u00e4iteks lennujaamades, raudteejaamades v\u00f5i hotellides.\t\t<\/div>\n\t\t\t<div class=\"theme-toggle target\" data-swap-group=\"group-theme-toggles-69dcea68e7c60\" data-swap-target=\"#theme-toggles-69dcea68e7c60-3\">\n\t\t\tEluhoonete elektripaigaldised\t\t<\/div>\n\t\t<div class=\"toggle\" id=\"theme-toggles-69dcea68e7c60-3\">\n\t\t\tElektrijuhtmestik moodustab elektripaigaldiste taristu. Ehitustehnoloogia on \u00fcks etapp hoone ehitamisel, mida kasutatakse k\u00f5ige kauem \u2013 tavaliselt kogu hoone eluea v\u00e4ltel. Kliendid, kes soovivad majanduslikel p\u00f5hjustel paigaldada uude hoonesse ainult minimaalsed seadmed, peaksid ette m\u00f5tlema ja kasutama mitmeid juhtmeid. Kaablite professionaalne paigaldamine seina tekitab prahti ja on ebaproportsionaalselt kulukas. Lisaks on see betoonseinte korral praktiliselt v\u00f5imatu. Sageli ilmneb juhtmete t\u00f5eline v\u00e4\u00e4rtus alles aastate p\u00e4rast, kui omanikud ja rentnikud tahavad osta uusi tehnilisi seadmeid.\t\t<\/div>\n\t\t\t<div class=\"theme-toggle target\" data-swap-group=\"group-theme-toggles-69dcea68e7c60\" data-swap-target=\"#theme-toggles-69dcea68e7c60-4\">\n\t\t\tAndmeside- ja v\u00f5rgukaablid\t\t<\/div>\n\t\t<div class=\"toggle\" id=\"theme-toggles-69dcea68e7c60-4\">\n\t\t\tAndmesidekaablite ja -juhtmete (mida nimetatakse ka v\u00f5rgukaabliteks ja -juhtmeteks) n\u00f5uetekohane kasutamine on h\u00e4davajalik \u00e4rihoonete ning riigi- ja \u00f5ppeasutuste v\u00f5rgutaristu edukaks paigaldamiseks. K\u00f5ikv\u00f5imalikes erinevat t\u00fc\u00fcpi ettev\u00f5tetes kasutatakse autonoomseid arvuteid ja andmesides\u00fcsteem on v\u00f5rgujuhtmestik,  mida on tarvis nende \u00fchendamiseks. Kuid erinevatel ettev\u00f5tetel on \u00fchtlasi erinevat andmesidekaablite vajadused.\t\t<\/div>\n\t\t\t<div class=\"theme-toggle target\" data-swap-group=\"group-theme-toggles-69dcea68e7c60\" data-swap-target=\"#theme-toggles-69dcea68e7c60-5\">\n\t\t\tTeenuste t\u00e4ielik valik alates projektist kuni selle l\u00f5pliku teostuseni\t\t<\/div>\n\t\t<div class=\"toggle\" id=\"theme-toggles-69dcea68e7c60-5\">\n\t\t\tMeie kliendid v\u00f5ivad kindlad olla, et me t\u00f6\u00f6tame v\u00e4lja m\u00f5istliku otsuste langetamise aluss\u00fcsteemi ja abistame neid igak\u00fclgselt nende projektide k\u00e4igus kuni eduka l\u00f5pule viimiseni. P\u00f5hiinseneridena osutame me taristuprojektide planeerimis- ja n\u00f5ustamisteenuseid kogu tootmiss\u00fcsteemi ulatuses.\t\t<\/div>\n\t<\/div><\/div><\/div>\n\n\t<\/div>\n<\/div>\n<div id=\"shortcode-6b3abfac2610719efce5d741af48a1b1\" class=\"fw-main-row stretch_row\" >\n\t<div class=\"container\">\n\t\t\n<div class=\"fw-row\">\n\t<div class=\"fw-col-xs-12 fw-col-sm-8 layout-col\" id=\"shortcode-5779d664abdf7fa7d4a41c35ded7a5f5\">\n\t<h4 id=\"shortcode-0e8b939660de2904b9c9d29e9721bfea\" class=\"\" >Soovid liituda meie tiimiga?<\/h4>\n\t<div class=\"fw-divider-space\" style=\"padding-top: 20px;\"><\/div>\n<\/div><div class=\"fw-col-xs-12 fw-col-sm-4 layout-col\" id=\"shortcode-faa6be286faed6593424dcb932d8d0fc\">\n\t<div class=\"button-align-center\"><a id=\"shortcode-073e95d03fa20cebd9b622674db3cf90\" href=\"\/et\/tulge-meile-toole\/\" target=\"_self\" class=\"button style-black classic size-medium\">T\u00e4ida vorm<\/a><\/div><\/div><\/div>\n\n\t<\/div>\n<\/div>\n<div class=\"row-full-width\"><\/div><div id=\"shortcode-500263c6b5582987da2ef1d5e8445f04\" class=\"fw-main-row default\" >\n\t<div class=\"container\">\n\t\t\n<div class=\"fw-row\">\n\t<div class=\"fw-col-xs-12 fw-col-sm-2 layout-col\" id=\"shortcode-728a517ae3da3b676250fb7eec718a24\">\n\t<a href=\"https:\/\/new.abb.com\/se\" target=\"_blank\" class=\"\"><img decoding=\"async\" class=\"img-shortcode aligncenter\" id=\"shortcode-95745cb351f39d8db29260ac15b85e6e\" alt=\"\" src=\"\/\/testelloop.storybook.ee\/wp-content\/uploads\/2018\/10\/abb.svg\" data-at2x=\"\/\/testelloop.storybook.ee\/wp-content\/uploads\/2018\/10\/abb.svg\" \/><\/a><\/div><div class=\"fw-col-xs-12 fw-col-sm-2 layout-col\" id=\"shortcode-6fc0cd021e38df5c072df0a8b9dddaff\">\n\t<a href=\"https:\/\/www.schneider-electric.se\/sv\/\" target=\"_blank\" class=\"\"><img decoding=\"async\" class=\"img-shortcode aligncenter\" id=\"shortcode-26484b60c31ef99d8a14a8d2d3cc751c\" alt=\"\" src=\"\/\/testelloop.storybook.ee\/wp-content\/uploads\/2018\/10\/schneiders.svg\" data-at2x=\"\/\/testelloop.storybook.ee\/wp-content\/uploads\/2018\/10\/schneiders.svg\" \/><\/a><\/div><div class=\"fw-col-xs-12 fw-col-sm-2 layout-col\" id=\"shortcode-122e113d2b9987de7f5ab6058bf78b36\">\n\t<a href=\"https:\/\/www.siemens.com\/se\/sv\/home.html\" target=\"_blank\" class=\"\"><img decoding=\"async\" class=\"img-shortcode aligncenter\" id=\"shortcode-9b8acb5920b591aed2a801852b5f7ed0\" alt=\"\" src=\"\/\/testelloop.storybook.ee\/wp-content\/uploads\/2018\/10\/siemens.svg\" data-at2x=\"\/\/testelloop.storybook.ee\/wp-content\/uploads\/2018\/10\/siemens.svg\" \/><\/a><\/div><div class=\"fw-col-xs-12 fw-col-sm-2 layout-col\" id=\"shortcode-9ba237d5f29c192a59323c4f40b7e5db\">\n\t<a href=\"https:\/\/www.hager.se\/\" target=\"_blank\" class=\"\"><img decoding=\"async\" class=\"img-shortcode aligncenter\" id=\"shortcode-26473ece9e36b7d677f030e4dc72197f\" alt=\"\" src=\"\/\/testelloop.storybook.ee\/wp-content\/uploads\/2018\/10\/hager.svg\" data-at2x=\"\/\/testelloop.storybook.ee\/wp-content\/uploads\/2018\/10\/hager.svg\" \/><\/a><\/div><div class=\"fw-col-xs-12 fw-col-sm-2 layout-col\" id=\"shortcode-6619c4e9e29845e14dc77deb4726a17f\">\n\t<a href=\"https:\/\/www.brim.se\/en\/\" target=\"_blank\" class=\"\"><img decoding=\"async\" class=\"img-shortcode aligncenter\" id=\"shortcode-e834ce2c3b55ec1b27991fc837652a77\" alt=\"\" src=\"\/\/testelloop.storybook.ee\/wp-content\/uploads\/2020\/01\/brim-logo.svg\" data-at2x=\"\/\/testelloop.storybook.ee\/wp-content\/uploads\/2020\/01\/brim-logo.svg\" \/><\/a><\/div><div class=\"fw-col-xs-12 fw-col-sm-2 layout-col\" id=\"shortcode-0715596be64b9475cddd6c68b16b328b\">\n\t<a href=\"https:\/\/www.ssmlivinggroup.com\/sv\/\" target=\"_blank\" class=\"\"><img decoding=\"async\" class=\"img-shortcode aligncenter\" id=\"shortcode-88b6f551e9b8c2d90f903cc224ef23cd\" alt=\"\" src=\"\/\/testelloop.storybook.ee\/wp-content\/uploads\/2018\/12\/ssm-2.svg\" data-at2x=\"\/\/testelloop.storybook.ee\/wp-content\/uploads\/2018\/12\/ssm-2.svg\" \/><\/a><\/div><\/div>\n\n\t<\/div>\n<\/div>\n<\/p>\n","protected":false},"excerpt":{"rendered":"<p>Firma ELLOOP missioon Firma ELLOOP missioon on pakkuda kvaliteetseid, paindlikke ja konkurentsiv\u00f5imelisi lahendusi elektris\u00fcsteemide ehituse valdkonnas. Taust ja ajaluguFirma ELLOOP p\u00f5hisuunaks on elektris\u00fcsteemide projekteerimine, ehitamine ja \u00fcmberehitamine.Meie klientideks on ehitusettev\u00f5tted, elamu\u00fchistud, eramajaomanikud. T\u00e4nu kogenud ja professionaalsele meeskonnale suudame me tagada elektripaigaldiste kvaliteedi ning pakkuda oma klientidele terviklahendusi.Meie jaoks on oluline s\u00e4\u00e4sta oma klientide aega ja [&hellip;]<\/p>\n","protected":false},"author":1,"featured_media":2825,"parent":0,"menu_order":0,"comment_status":"closed","ping_status":"closed","template":"","meta":{"inline_featured_image":false,"footnotes":""},"class_list":["post-2829","page","type-page","status-publish","has-post-thumbnail","hentry"],"yoast_head":"<!-- This site is optimized with the Yoast SEO plugin v27.3 - https:\/\/yoast.com\/product\/yoast-seo-wordpress\/ -->\n<title>Ettev\u00f5ttest \u2013 ELLOOP elektrit\u00f6\u00f6d &amp; paigaldus<\/title>\n<meta name=\"description\" content=\"Saa teada, kes on ELLOOP \u2014 meie meeskond, p\u00f5hiv\u00e4\u00e4rtused ja kogemus kvaliteetsete elektri- ja andmesidelahenduste projekteerimisel ning paigaldamisel.\" \/>\n<meta name=\"robots\" content=\"index, follow, max-snippet:-1, max-image-preview:large, max-video-preview:-1\" \/>\n<link rel=\"canonical\" href=\"https:\/\/testelloop.storybook.ee\/et\/ettevottest\/\" \/>\n<meta property=\"og:locale\" content=\"et_EE\" \/>\n<meta property=\"og:type\" content=\"article\" \/>\n<meta property=\"og:title\" content=\"Ettev\u00f5ttest \u2013 ELLOOP elektrit\u00f6\u00f6d &amp; paigaldus\" \/>\n<meta property=\"og:description\" content=\"Saa teada, kes on ELLOOP \u2014 meie meeskond, p\u00f5hiv\u00e4\u00e4rtused ja kogemus kvaliteetsete elektri- ja andmesidelahenduste projekteerimisel ning paigaldamisel.\" \/>\n<meta property=\"og:url\" content=\"https:\/\/testelloop.storybook.ee\/et\/ettevottest\/\" \/>\n<meta property=\"og:site_name\" content=\"Elloop\" \/>\n<meta property=\"article:modified_time\" content=\"2025-12-09T13:48:08+00:00\" \/>\n<meta property=\"og:image\" content=\"https:\/\/testelloop.storybook.ee\/wp-content\/uploads\/2018\/10\/elloop-1920x1200e-scaled.jpg\" \/>\n\t<meta property=\"og:image:width\" content=\"2560\" \/>\n\t<meta property=\"og:image:height\" content=\"1600\" \/>\n\t<meta property=\"og:image:type\" content=\"image\/jpeg\" \/>\n<meta name=\"twitter:card\" content=\"summary_large_image\" \/>\n<meta name=\"twitter:label1\" content=\"Est. reading time\" \/>\n\t<meta name=\"twitter:data1\" content=\"6 minutit\" \/>\n<script type=\"application\/ld+json\" class=\"yoast-schema-graph\">{\"@context\":\"https:\\\/\\\/schema.org\",\"@graph\":[{\"@type\":\"WebPage\",\"@id\":\"https:\\\/\\\/testelloop.storybook.ee\\\/et\\\/ettevottest\\\/\",\"url\":\"https:\\\/\\\/testelloop.storybook.ee\\\/et\\\/ettevottest\\\/\",\"name\":\"Ettev\u00f5ttest \u2013 ELLOOP elektrit\u00f6\u00f6d & paigaldus\",\"isPartOf\":{\"@id\":\"https:\\\/\\\/testelloop.storybook.ee\\\/#website\"},\"primaryImageOfPage\":{\"@id\":\"https:\\\/\\\/testelloop.storybook.ee\\\/et\\\/ettevottest\\\/#primaryimage\"},\"image\":{\"@id\":\"https:\\\/\\\/testelloop.storybook.ee\\\/et\\\/ettevottest\\\/#primaryimage\"},\"thumbnailUrl\":\"https:\\\/\\\/testelloop.storybook.ee\\\/wp-content\\\/uploads\\\/2018\\\/10\\\/elloop-1920x1200e-scaled.jpg\",\"datePublished\":\"2023-07-20T14:28:29+00:00\",\"dateModified\":\"2025-12-09T13:48:08+00:00\",\"description\":\"Saa teada, kes on ELLOOP \u2014 meie meeskond, p\u00f5hiv\u00e4\u00e4rtused ja kogemus kvaliteetsete elektri- ja andmesidelahenduste projekteerimisel ning paigaldamisel.\",\"breadcrumb\":{\"@id\":\"https:\\\/\\\/testelloop.storybook.ee\\\/et\\\/ettevottest\\\/#breadcrumb\"},\"inLanguage\":\"et\",\"potentialAction\":[{\"@type\":\"ReadAction\",\"target\":[\"https:\\\/\\\/testelloop.storybook.ee\\\/et\\\/ettevottest\\\/\"]}]},{\"@type\":\"ImageObject\",\"inLanguage\":\"et\",\"@id\":\"https:\\\/\\\/testelloop.storybook.ee\\\/et\\\/ettevottest\\\/#primaryimage\",\"url\":\"https:\\\/\\\/testelloop.storybook.ee\\\/wp-content\\\/uploads\\\/2018\\\/10\\\/elloop-1920x1200e-scaled.jpg\",\"contentUrl\":\"https:\\\/\\\/testelloop.storybook.ee\\\/wp-content\\\/uploads\\\/2018\\\/10\\\/elloop-1920x1200e-scaled.jpg\",\"width\":2560,\"height\":1600},{\"@type\":\"BreadcrumbList\",\"@id\":\"https:\\\/\\\/testelloop.storybook.ee\\\/et\\\/ettevottest\\\/#breadcrumb\",\"itemListElement\":[{\"@type\":\"ListItem\",\"position\":1,\"name\":\"Home\",\"item\":\"https:\\\/\\\/testelloop.storybook.ee\\\/et\\\/\"},{\"@type\":\"ListItem\",\"position\":2,\"name\":\"Ettev\u00f5ttest\"}]},{\"@type\":\"WebSite\",\"@id\":\"https:\\\/\\\/testelloop.storybook.ee\\\/#website\",\"url\":\"https:\\\/\\\/testelloop.storybook.ee\\\/\",\"name\":\"Elloop\",\"description\":\"Din p&aring;litliga elektriker i Sverige\",\"publisher\":{\"@id\":\"https:\\\/\\\/testelloop.storybook.ee\\\/#organization\"},\"potentialAction\":[{\"@type\":\"SearchAction\",\"target\":{\"@type\":\"EntryPoint\",\"urlTemplate\":\"https:\\\/\\\/testelloop.storybook.ee\\\/?s={search_term_string}\"},\"query-input\":{\"@type\":\"PropertyValueSpecification\",\"valueRequired\":true,\"valueName\":\"search_term_string\"}}],\"inLanguage\":\"et\"},{\"@type\":\"Organization\",\"@id\":\"https:\\\/\\\/testelloop.storybook.ee\\\/#organization\",\"name\":\"Elloop\",\"url\":\"https:\\\/\\\/testelloop.storybook.ee\\\/\",\"logo\":{\"@type\":\"ImageObject\",\"inLanguage\":\"et\",\"@id\":\"https:\\\/\\\/testelloop.storybook.ee\\\/#\\\/schema\\\/logo\\\/image\\\/\",\"url\":\"https:\\\/\\\/testelloop.storybook.ee\\\/wp-content\\\/uploads\\\/2018\\\/11\\\/elloop-logo-retina-v.10-swe.svg\",\"contentUrl\":\"https:\\\/\\\/testelloop.storybook.ee\\\/wp-content\\\/uploads\\\/2018\\\/11\\\/elloop-logo-retina-v.10-swe.svg\",\"width\":391,\"height\":180,\"caption\":\"Elloop\"},\"image\":{\"@id\":\"https:\\\/\\\/testelloop.storybook.ee\\\/#\\\/schema\\\/logo\\\/image\\\/\"}}]}<\/script>\n<!-- \/ Yoast SEO plugin. -->","yoast_head_json":{"title":"Ettev\u00f5ttest \u2013 ELLOOP elektrit\u00f6\u00f6d & paigaldus","description":"Saa teada, kes on ELLOOP \u2014 meie meeskond, p\u00f5hiv\u00e4\u00e4rtused ja kogemus kvaliteetsete elektri- ja andmesidelahenduste projekteerimisel ning paigaldamisel.","robots":{"index":"index","follow":"follow","max-snippet":"max-snippet:-1","max-image-preview":"max-image-preview:large","max-video-preview":"max-video-preview:-1"},"canonical":"https:\/\/testelloop.storybook.ee\/et\/ettevottest\/","og_locale":"et_EE","og_type":"article","og_title":"Ettev\u00f5ttest \u2013 ELLOOP elektrit\u00f6\u00f6d & paigaldus","og_description":"Saa teada, kes on ELLOOP \u2014 meie meeskond, p\u00f5hiv\u00e4\u00e4rtused ja kogemus kvaliteetsete elektri- ja andmesidelahenduste projekteerimisel ning paigaldamisel.","og_url":"https:\/\/testelloop.storybook.ee\/et\/ettevottest\/","og_site_name":"Elloop","article_modified_time":"2025-12-09T13:48:08+00:00","og_image":[{"width":2560,"height":1600,"url":"https:\/\/testelloop.storybook.ee\/wp-content\/uploads\/2018\/10\/elloop-1920x1200e-scaled.jpg","type":"image\/jpeg"}],"twitter_card":"summary_large_image","twitter_misc":{"Est. reading time":"6 minutit"},"schema":{"@context":"https:\/\/schema.org","@graph":[{"@type":"WebPage","@id":"https:\/\/testelloop.storybook.ee\/et\/ettevottest\/","url":"https:\/\/testelloop.storybook.ee\/et\/ettevottest\/","name":"Ettev\u00f5ttest \u2013 ELLOOP elektrit\u00f6\u00f6d & paigaldus","isPartOf":{"@id":"https:\/\/testelloop.storybook.ee\/#website"},"primaryImageOfPage":{"@id":"https:\/\/testelloop.storybook.ee\/et\/ettevottest\/#primaryimage"},"image":{"@id":"https:\/\/testelloop.storybook.ee\/et\/ettevottest\/#primaryimage"},"thumbnailUrl":"https:\/\/testelloop.storybook.ee\/wp-content\/uploads\/2018\/10\/elloop-1920x1200e-scaled.jpg","datePublished":"2023-07-20T14:28:29+00:00","dateModified":"2025-12-09T13:48:08+00:00","description":"Saa teada, kes on ELLOOP \u2014 meie meeskond, p\u00f5hiv\u00e4\u00e4rtused ja kogemus kvaliteetsete elektri- ja andmesidelahenduste projekteerimisel ning paigaldamisel.","breadcrumb":{"@id":"https:\/\/testelloop.storybook.ee\/et\/ettevottest\/#breadcrumb"},"inLanguage":"et","potentialAction":[{"@type":"ReadAction","target":["https:\/\/testelloop.storybook.ee\/et\/ettevottest\/"]}]},{"@type":"ImageObject","inLanguage":"et","@id":"https:\/\/testelloop.storybook.ee\/et\/ettevottest\/#primaryimage","url":"https:\/\/testelloop.storybook.ee\/wp-content\/uploads\/2018\/10\/elloop-1920x1200e-scaled.jpg","contentUrl":"https:\/\/testelloop.storybook.ee\/wp-content\/uploads\/2018\/10\/elloop-1920x1200e-scaled.jpg","width":2560,"height":1600},{"@type":"BreadcrumbList","@id":"https:\/\/testelloop.storybook.ee\/et\/ettevottest\/#breadcrumb","itemListElement":[{"@type":"ListItem","position":1,"name":"Home","item":"https:\/\/testelloop.storybook.ee\/et\/"},{"@type":"ListItem","position":2,"name":"Ettev\u00f5ttest"}]},{"@type":"WebSite","@id":"https:\/\/testelloop.storybook.ee\/#website","url":"https:\/\/testelloop.storybook.ee\/","name":"Elloop","description":"Din p&aring;litliga elektriker i Sverige","publisher":{"@id":"https:\/\/testelloop.storybook.ee\/#organization"},"potentialAction":[{"@type":"SearchAction","target":{"@type":"EntryPoint","urlTemplate":"https:\/\/testelloop.storybook.ee\/?s={search_term_string}"},"query-input":{"@type":"PropertyValueSpecification","valueRequired":true,"valueName":"search_term_string"}}],"inLanguage":"et"},{"@type":"Organization","@id":"https:\/\/testelloop.storybook.ee\/#organization","name":"Elloop","url":"https:\/\/testelloop.storybook.ee\/","logo":{"@type":"ImageObject","inLanguage":"et","@id":"https:\/\/testelloop.storybook.ee\/#\/schema\/logo\/image\/","url":"https:\/\/testelloop.storybook.ee\/wp-content\/uploads\/2018\/11\/elloop-logo-retina-v.10-swe.svg","contentUrl":"https:\/\/testelloop.storybook.ee\/wp-content\/uploads\/2018\/11\/elloop-logo-retina-v.10-swe.svg","width":391,"height":180,"caption":"Elloop"},"image":{"@id":"https:\/\/testelloop.storybook.ee\/#\/schema\/logo\/image\/"}}]}},"_links":{"self":[{"href":"https:\/\/testelloop.storybook.ee\/et\/wp-json\/wp\/v2\/pages\/2829","targetHints":{"allow":["GET"]}}],"collection":[{"href":"https:\/\/testelloop.storybook.ee\/et\/wp-json\/wp\/v2\/pages"}],"about":[{"href":"https:\/\/testelloop.storybook.ee\/et\/wp-json\/wp\/v2\/types\/page"}],"author":[{"embeddable":true,"href":"https:\/\/testelloop.storybook.ee\/et\/wp-json\/wp\/v2\/users\/1"}],"replies":[{"embeddable":true,"href":"https:\/\/testelloop.storybook.ee\/et\/wp-json\/wp\/v2\/comments?post=2829"}],"version-history":[{"count":9,"href":"https:\/\/testelloop.storybook.ee\/et\/wp-json\/wp\/v2\/pages\/2829\/revisions"}],"predecessor-version":[{"id":3299,"href":"https:\/\/testelloop.storybook.ee\/et\/wp-json\/wp\/v2\/pages\/2829\/revisions\/3299"}],"wp:featuredmedia":[{"embeddable":true,"href":"https:\/\/testelloop.storybook.ee\/et\/wp-json\/wp\/v2\/media\/2825"}],"wp:attachment":[{"href":"https:\/\/testelloop.storybook.ee\/et\/wp-json\/wp\/v2\/media?parent=2829"}],"curies":[{"name":"wp","href":"https:\/\/api.w.org\/{rel}","templated":true}]}}